{"id":3009,"date":"2023-11-16T14:20:44","date_gmt":"2023-11-16T14:20:44","guid":{"rendered":"https:\/\/elcubodebaco.es\/?page_id=3009"},"modified":"2023-11-28T10:18:11","modified_gmt":"2023-11-28T10:18:11","slug":"cata-noviembre","status":"publish","type":"page","link":"https:\/\/elcubodebaco.es\/en\/cata-noviembre\/","title":{"rendered":"Cata noviembre"},"content":{"rendered":"<div data-elementor-type=\"wp-page\" data-elementor-id=\"3009\" class=\"elementor elementor-3009\" data-elementor-post-type=\"page\">\n\t\t\t\t\t\t<section class=\"elementor-section elementor-top-section elementor-element elementor-element-beb5a87 elementor-section-full_width elementor-section-height-full elementor-section-items-top elementor-hidden-tablet elementor-hidden-mobile elementor-section-height-default\" data-id=\"beb5a87\" data-element_type=\"section\" data-settings=\"{&quot;background_background&quot;:&quot;video&quot;,&quot;background_video_link&quot;:&quot;https:\\\/\\\/elcubodebaco.es\\\/wp-content\\\/uploads\\\/2023\\\/11\\\/cata-noviembre.mp4&quot;}\">\n\t\t\t\t\t\t\t\t<div class=\"elementor-background-video-container elementor-hidden-mobile\">\n\t\t\t\t\t\t\t\t\t\t\t\t\t<video class=\"elementor-background-video-hosted\" autoplay muted playsinline loop><\/video>\n\t\t\t\t\t\t\t\t\t\t\t<\/div>\n\t\t\t\t\t\t\t\t<div class=\"elementor-container elementor-column-gap-default\">\n\t\t\t\t\t<div class=\"elementor-column elementor-col-100 elementor-top-column elementor-element elementor-element-65c5245\" data-id=\"65c5245\" data-element_type=\"column\">\n\t\t\t<div class=\"elementor-widget-wrap elementor-element-populated\">\n\t\t\t\t\t\t<div class=\"elementor-element elementor-element-4794c2b elementor-widget elementor-widget-heading\" data-id=\"4794c2b\" data-element_type=\"widget\" data-widget_type=\"heading.default\">\n\t\t\t\t<div class=\"elementor-widget-container\">\n\t\t\t\t\t<h2 class=\"elementor-heading-title elementor-size-default\">TASTING AND PAIRING<\/h2>\t\t\t\t<\/div>\n\t\t\t\t<\/div>\n\t\t\t\t<div class=\"elementor-element elementor-element-0430a97 elementor-widget elementor-widget-text-editor\" data-id=\"0430a97\" data-element_type=\"widget\" data-widget_type=\"text-editor.default\">\n\t\t\t\t<div class=\"elementor-widget-container\">\n\t\t\t\t\t\t\t\t\t<p><span class=\"x193iq5w xeuugli x13faqbe x1vvkbs xlh3980 xvmahel x1n0sxbx x1lliihq x1s928wv xhkezso x1gmr53x x1cpjm7i x1fgarty x1943h6x xudqn12 x3x7a5m x6prxxf xvq8zen xo1l8bm xzsf02u\" dir=\"auto\">YA HAN LLEGADO LOS VINOS DE LA NUEVA A\u00d1ADA 2023 AL CUBO DE BACO.<\/span><\/p><p><span class=\"x193iq5w xeuugli x13faqbe x1vvkbs xlh3980 xvmahel x1n0sxbx x1lliihq x1s928wv xhkezso x1gmr53x x1cpjm7i x1fgarty x1943h6x xudqn12 x3x7a5m x6prxxf xvq8zen xo1l8bm xzsf02u\" dir=\"auto\"><strong>FIESTA DEL VINO PRIMERO 2023<\/strong><\/span><\/p><h3><span class=\"x193iq5w xeuugli x13faqbe x1vvkbs xlh3980 xvmahel x1n0sxbx x1lliihq x1s928wv xhkezso x1gmr53x x1cpjm7i x1fgarty x1943h6x xudqn12 x3x7a5m x6prxxf xvq8zen xo1l8bm xzsf02u\" dir=\"auto\">S\u00e1bado 2 de diciembre.<\/span><\/h3><p><span class=\"x193iq5w xeuugli x13faqbe x1vvkbs xlh3980 xvmahel x1n0sxbx x1lliihq x1s928wv xhkezso x1gmr53x x1cpjm7i x1fgarty x1943h6x xudqn12 x3x7a5m x6prxxf xvq8zen xo1l8bm xzsf02u\" dir=\"auto\">CATA y MARIDAJE de 12 a 16 hrs<br \/><\/span><\/p><p><span class=\"x193iq5w xeuugli x13faqbe x1vvkbs xlh3980 xvmahel x1n0sxbx x1lliihq x1s928wv xhkezso x1gmr53x x1cpjm7i x1fgarty x1943h6x xudqn12 x3x7a5m x6prxxf xvq8zen xo1l8bm xzsf02u\" dir=\"auto\">Cataremos el vino PRIMERO, maceraci\u00f3n carb\u00f3nica, con denominaci\u00f3n de origen\u00a0 TORO y el vino CAMPOS DE RISCA con denominaci\u00f3n de origen JUMILLA.<\/span><\/p><p><span class=\"x193iq5w xeuugli x13faqbe x1vvkbs xlh3980 xvmahel x1n0sxbx x1lliihq x1s928wv xhkezso x1gmr53x x1cpjm7i x1fgarty x1943h6x xudqn12 x3x7a5m x6prxxf xvq8zen xo1l8bm xzsf02u\" dir=\"auto\">Estar\u00e1n acompa\u00f1ados de un men\u00fa especial que combina a la perfecci\u00f3n con estos vinos.<\/span><\/p><p><span class=\"x193iq5w xeuugli x13faqbe x1vvkbs xlh3980 xvmahel x1n0sxbx x1lliihq x1s928wv xhkezso x1gmr53x x1cpjm7i x1fgarty x1943h6x xudqn12 x3x7a5m x6prxxf xvq8zen xo1l8bm xzsf02u\" dir=\"auto\">Adem\u00e1s, podr\u00e1s hacerte una foto con el vino de Bodegas Fari\u00f1a y as\u00ed participar en el sorteo de Botellones de 5L y una visita a la bodega el pr\u00f3ximo 27 de enero de 2024<\/span><\/p><h3>Precio por persona: 25\u20ac<\/h3><p>Reserva tu plaza, son limitadas:<\/p>\t\t\t\t\t\t\t\t<\/div>\n\t\t\t\t<\/div>\n\t\t\t\t<div class=\"elementor-element elementor-element-0fadc26 fluent-form-widget-step-header-yes fluent-form-widget-step-progressbar-yes fluentform-widget-submit-button-custom elementor-widget elementor-widget-fluent-form-widget\" data-id=\"0fadc26\" data-element_type=\"widget\" data-widget_type=\"fluent-form-widget.default\">\n\t\t\t\t<div class=\"elementor-widget-container\">\n\t\t\t\t\t\n            <div class=\"fluentform-widget-wrapper fluentform-widget-align-default\">\n\n            \n                        <\/div>\n\n            \t\t\t\t<\/div>\n\t\t\t\t<\/div>\n\t\t\t\t\t<\/div>\n\t\t<\/div>\n\t\t\t\t\t<\/div>\n\t\t<\/section>\n\t\t\t\t<section class=\"elementor-section elementor-top-section elementor-element elementor-element-b0d9a47 elementor-section-full_width elementor-section-height-full elementor-section-items-top elementor-hidden-desktop elementor-section-height-default\" data-id=\"b0d9a47\" data-element_type=\"section\" data-settings=\"{&quot;background_background&quot;:&quot;classic&quot;}\">\n\t\t\t\t\t\t<div class=\"elementor-container elementor-column-gap-default\">\n\t\t\t\t\t<div class=\"elementor-column elementor-col-100 elementor-top-column elementor-element elementor-element-4fdec8a\" data-id=\"4fdec8a\" data-element_type=\"column\">\n\t\t\t<div class=\"elementor-widget-wrap elementor-element-populated\">\n\t\t\t\t\t\t<div class=\"elementor-element elementor-element-429f333 elementor-widget elementor-widget-heading\" data-id=\"429f333\" data-element_type=\"widget\" data-widget_type=\"heading.default\">\n\t\t\t\t<div class=\"elementor-widget-container\">\n\t\t\t\t\t<h1 class=\"elementor-heading-title elementor-size-default\">TASTING AND PAIRING<\/h1>\t\t\t\t<\/div>\n\t\t\t\t<\/div>\n\t\t\t\t<div class=\"elementor-element elementor-element-c1dc6d1 elementor-widget elementor-widget-image\" data-id=\"c1dc6d1\" data-element_type=\"widget\" data-widget_type=\"image.default\">\n\t\t\t\t<div class=\"elementor-widget-container\">\n\t\t\t\t\t\t\t\t\t\t\t\t\t\t\t<img fetchpriority=\"high\" decoding=\"async\" width=\"562\" height=\"1024\" src=\"https:\/\/elcubodebaco.es\/wp-content\/uploads\/2023\/11\/cata23-562x1024.webp\" class=\"attachment-large size-large wp-image-3017\" alt=\"\" srcset=\"https:\/\/elcubodebaco.es\/wp-content\/uploads\/2023\/11\/cata23-562x1024.webp 562w, https:\/\/elcubodebaco.es\/wp-content\/uploads\/2023\/11\/cata23-165x300.webp 165w, https:\/\/elcubodebaco.es\/wp-content\/uploads\/2023\/11\/cata23-768x1399.webp 768w, https:\/\/elcubodebaco.es\/wp-content\/uploads\/2023\/11\/cata23-843x1536.webp 843w, https:\/\/elcubodebaco.es\/wp-content\/uploads\/2023\/11\/cata23-7x12.webp 7w, https:\/\/elcubodebaco.es\/wp-content\/uploads\/2023\/11\/cata23-600x1093.webp 600w, https:\/\/elcubodebaco.es\/wp-content\/uploads\/2023\/11\/cata23.webp 1054w\" sizes=\"(max-width: 562px) 100vw, 562px\" title=\"\">\t\t\t\t\t\t\t\t\t\t\t\t\t\t\t<\/div>\n\t\t\t\t<\/div>\n\t\t\t\t<div class=\"elementor-element elementor-element-4687410 elementor-widget elementor-widget-text-editor\" data-id=\"4687410\" data-element_type=\"widget\" data-widget_type=\"text-editor.default\">\n\t\t\t\t<div class=\"elementor-widget-container\">\n\t\t\t\t\t\t\t\t\t<p><span class=\"x193iq5w xeuugli x13faqbe x1vvkbs xlh3980 xvmahel x1n0sxbx x1lliihq x1s928wv xhkezso x1gmr53x x1cpjm7i x1fgarty x1943h6x xudqn12 x3x7a5m x6prxxf xvq8zen xo1l8bm xzsf02u\" dir=\"auto\">YA HAN LLEGADO LOS VINOS DE LA NUEVA A\u00d1ADA 2023 AL CUBO DE BACO.<\/span><\/p><p><span class=\"x193iq5w xeuugli x13faqbe x1vvkbs xlh3980 xvmahel x1n0sxbx x1lliihq x1s928wv xhkezso x1gmr53x x1cpjm7i x1fgarty x1943h6x xudqn12 x3x7a5m x6prxxf xvq8zen xo1l8bm xzsf02u\" dir=\"auto\"><strong>FIESTA DEL VINO PRIMERO 2023<\/strong><\/span><\/p><h3><span class=\"x193iq5w xeuugli x13faqbe x1vvkbs xlh3980 xvmahel x1n0sxbx x1lliihq x1s928wv xhkezso x1gmr53x x1cpjm7i x1fgarty x1943h6x xudqn12 x3x7a5m x6prxxf xvq8zen xo1l8bm xzsf02u\" dir=\"auto\">S\u00e1bado 2 de diciembre<br \/><\/span><\/h3><p><span class=\"x193iq5w xeuugli x13faqbe x1vvkbs xlh3980 xvmahel x1n0sxbx x1lliihq x1s928wv xhkezso x1gmr53x x1cpjm7i x1fgarty x1943h6x xudqn12 x3x7a5m x6prxxf xvq8zen xo1l8bm xzsf02u\" dir=\"auto\">CATA y MARIDAJE de 12 a 16 hrs<br \/><\/span><\/p><p><span class=\"x193iq5w xeuugli x13faqbe x1vvkbs xlh3980 xvmahel x1n0sxbx x1lliihq x1s928wv xhkezso x1gmr53x x1cpjm7i x1fgarty x1943h6x xudqn12 x3x7a5m x6prxxf xvq8zen xo1l8bm xzsf02u\" dir=\"auto\">Cataremos el vino PRIMERO, maceraci\u00f3n carb\u00f3nica, con denominaci\u00f3n de origen\u00a0 TORO y el vino CAMPOS DE RISCA con denominaci\u00f3n de origen JUMILLA.<\/span><\/p><p><span class=\"x193iq5w xeuugli x13faqbe x1vvkbs xlh3980 xvmahel x1n0sxbx x1lliihq x1s928wv xhkezso x1gmr53x x1cpjm7i x1fgarty x1943h6x xudqn12 x3x7a5m x6prxxf xvq8zen xo1l8bm xzsf02u\" dir=\"auto\">Estar\u00e1n acompa\u00f1ados de un men\u00fa especial que combina a la perfecci\u00f3n con estos vinos.<\/span><\/p><p><span class=\"x193iq5w xeuugli x13faqbe x1vvkbs xlh3980 xvmahel x1n0sxbx x1lliihq x1s928wv xhkezso x1gmr53x x1cpjm7i x1fgarty x1943h6x xudqn12 x3x7a5m x6prxxf xvq8zen xo1l8bm xzsf02u\" dir=\"auto\">Adem\u00e1s, podr\u00e1s hacerte una foto con el vino de Bodegas Fari\u00f1a y as\u00ed participar en el sorteo de Botellones de 5L y una visita a la bodega el pr\u00f3ximo 27 de enero de 2024<\/span><\/p><h3>Precio por persona: 25\u20ac<\/h3><p>Reserva tu plaza, son limitadas:<\/p>\t\t\t\t\t\t\t\t<\/div>\n\t\t\t\t<\/div>\n\t\t\t\t<div class=\"elementor-element elementor-element-148a004 fluent-form-widget-step-header-yes fluent-form-widget-step-progressbar-yes fluentform-widget-submit-button-custom elementor-widget elementor-widget-fluent-form-widget\" data-id=\"148a004\" data-element_type=\"widget\" data-widget_type=\"fluent-form-widget.default\">\n\t\t\t\t<div class=\"elementor-widget-container\">\n\t\t\t\t\t\n            <div class=\"fluentform-widget-wrapper hide-placeholder fluentform-widget-align-default\">\n\n            \n                        <\/div>\n\n            \t\t\t\t<\/div>\n\t\t\t\t<\/div>\n\t\t\t\t\t<\/div>\n\t\t<\/div>\n\t\t\t\t\t<\/div>\n\t\t<\/section>\n\t\t\t\t<section class=\"elementor-section elementor-top-section elementor-element elementor-element-51795aa elementor-section-boxed elementor-section-height-default elementor-section-height-default\" data-id=\"51795aa\" data-element_type=\"section\">\n\t\t\t\t\t\t<div class=\"elementor-container elementor-column-gap-default\">\n\t\t\t\t\t<div class=\"elementor-column elementor-col-100 elementor-top-column elementor-element elementor-element-3183e8e\" data-id=\"3183e8e\" data-element_type=\"column\">\n\t\t\t<div class=\"elementor-widget-wrap\">\n\t\t\t\t\t\t\t<\/div>\n\t\t<\/div>\n\t\t\t\t\t<\/div>\n\t\t<\/section>\n\t\t\t\t<\/div>","protected":false},"excerpt":{"rendered":"<p>CATA Y MARIDAJE YA HAN LLEGADO LOS VINOS DE LA NUEVA A\u00d1ADA 2023 AL CUBO DE BACO. FIESTA DEL VINO PRIMERO 2023 S\u00e1bado 2 de diciembre. CATA y MARIDAJE de 12 a 16 hrs Cataremos el vino PRIMERO, maceraci\u00f3n carb\u00f3nica, con denominaci\u00f3n de origen\u00a0 TORO y el vino CAMPOS DE RISCA con denominaci\u00f3n de origen&#8230;<\/p>","protected":false},"author":1,"featured_media":0,"parent":0,"menu_order":0,"comment_status":"closed","ping_status":"closed","template":"elementor_header_footer","meta":{"rank_math_lock_modified_date":false,"_mi_skip_tracking":false,"_monsterinsights_sitenote_active":false,"_monsterinsights_sitenote_note":"","_monsterinsights_sitenote_category":0,"footnotes":""},"class_list":["post-3009","page","type-page","status-publish","hentry"],"_links":{"self":[{"href":"https:\/\/elcubodebaco.es\/en\/wp-json\/wp\/v2\/pages\/3009","targetHints":{"allow":["GET"]}}],"collection":[{"href":"https:\/\/elcubodebaco.es\/en\/wp-json\/wp\/v2\/pages"}],"about":[{"href":"https:\/\/elcubodebaco.es\/en\/wp-json\/wp\/v2\/types\/page"}],"author":[{"embeddable":true,"href":"https:\/\/elcubodebaco.es\/en\/wp-json\/wp\/v2\/users\/1"}],"replies":[{"embeddable":true,"href":"https:\/\/elcubodebaco.es\/en\/wp-json\/wp\/v2\/comments?post=3009"}],"version-history":[{"count":18,"href":"https:\/\/elcubodebaco.es\/en\/wp-json\/wp\/v2\/pages\/3009\/revisions"}],"predecessor-version":[{"id":3045,"href":"https:\/\/elcubodebaco.es\/en\/wp-json\/wp\/v2\/pages\/3009\/revisions\/3045"}],"wp:attachment":[{"href":"https:\/\/elcubodebaco.es\/en\/wp-json\/wp\/v2\/media?parent=3009"}],"curies":[{"name":"wp","href":"https:\/\/api.w.org\/{rel}","templated":true}]}}