{"id":3050,"date":"2023-12-05T15:57:50","date_gmt":"2023-12-05T15:57:50","guid":{"rendered":"https:\/\/elcubodebaco.es\/?page_id=3050"},"modified":"2023-12-08T10:35:23","modified_gmt":"2023-12-08T10:35:23","slug":"cata-de-cavas","status":"publish","type":"page","link":"https:\/\/elcubodebaco.es\/en\/cata-de-cavas\/","title":{"rendered":"Cata de cavas"},"content":{"rendered":"<div data-elementor-type=\"wp-page\" data-elementor-id=\"3050\" class=\"elementor elementor-3050\" data-elementor-post-type=\"page\">\n\t\t\t\t\t\t<section class=\"elementor-section elementor-top-section elementor-element elementor-element-057a9c0 elementor-section-height-full elementor-hidden-tablet elementor-hidden-mobile elementor-section-boxed elementor-section-height-default elementor-section-items-middle\" data-id=\"057a9c0\" data-element_type=\"section\" data-settings=\"{&quot;background_background&quot;:&quot;video&quot;,&quot;background_video_link&quot;:&quot;https:\\\/\\\/elcubodebaco.es\\\/wp-content\\\/uploads\\\/2023\\\/12\\\/cava-brut.mp4&quot;}\">\n\t\t\t\t\t\t\t\t<div class=\"elementor-background-video-container elementor-hidden-mobile\">\n\t\t\t\t\t\t\t\t\t\t\t\t\t<video class=\"elementor-background-video-hosted\" autoplay muted playsinline loop><\/video>\n\t\t\t\t\t\t\t\t\t\t\t<\/div>\n\t\t\t\t\t\t\t\t<div class=\"elementor-container elementor-column-gap-default\">\n\t\t\t\t\t<div class=\"elementor-column elementor-col-33 elementor-top-column elementor-element elementor-element-5b8574a\" data-id=\"5b8574a\" data-element_type=\"column\">\n\t\t\t<div class=\"elementor-widget-wrap elementor-element-populated\">\n\t\t\t\t\t\t<div class=\"elementor-element elementor-element-47ed7c7 elementor-widget elementor-widget-heading\" data-id=\"47ed7c7\" data-element_type=\"widget\" data-widget_type=\"heading.default\">\n\t\t\t\t<div class=\"elementor-widget-container\">\n\t\t\t\t\t<h2 class=\"elementor-heading-title elementor-size-default\">Cata de Cavas<\/h2>\t\t\t\t<\/div>\n\t\t\t\t<\/div>\n\t\t\t\t<div class=\"elementor-element elementor-element-c5e7b25 elementor-widget elementor-widget-text-editor\" data-id=\"c5e7b25\" data-element_type=\"widget\" data-widget_type=\"text-editor.default\">\n\t\t\t\t<div class=\"elementor-widget-container\">\n\t\t\t\t\t\t\t\t\t<p>El pr\u00f3ximo <strong>mi\u00e9rcoles 13 de diciembre<\/strong>, tendr\u00e1s la oportunidad de brindar y disfrutar de la cata de cavas que vamos a tener <strong>a partir de las 20:00 hrs.<\/strong><\/p><p><strong>El coste de esta cata es de 15\u20ac por persona.<\/strong><\/p><p>Cavas Vega Medien Brut Nature, Vega Medien Rosado y Marevia Reserva.<\/p><p>Adem\u00e1s habr\u00e1 deliciosas viandas para acompa\u00f1ar cada brindis.<\/p><h3 style=\"text-align: center;\">\u00a1Ap\u00fantate, las plazas son limitadas!<\/h3>\t\t\t\t\t\t\t\t<\/div>\n\t\t\t\t<\/div>\n\t\t\t\t<div class=\"elementor-element elementor-element-f81806c fluent-form-widget-step-header-yes fluent-form-widget-step-progressbar-yes fluentform-widget-submit-button-custom elementor-widget elementor-widget-fluent-form-widget\" data-id=\"f81806c\" data-element_type=\"widget\" data-widget_type=\"fluent-form-widget.default\">\n\t\t\t\t<div class=\"elementor-widget-container\">\n\t\t\t\t\t\n            <div class=\"fluentform-widget-wrapper hide-placeholder fluentform-widget-align-default\">\n\n            \n                        <\/div>\n\n            \t\t\t\t<\/div>\n\t\t\t\t<\/div>\n\t\t\t\t\t<\/div>\n\t\t<\/div>\n\t\t\t\t<div class=\"elementor-column elementor-col-33 elementor-top-column elementor-element elementor-element-3ecc239\" data-id=\"3ecc239\" data-element_type=\"column\">\n\t\t\t<div class=\"elementor-widget-wrap\">\n\t\t\t\t\t\t\t<\/div>\n\t\t<\/div>\n\t\t\t\t<div class=\"elementor-column elementor-col-33 elementor-top-column elementor-element elementor-element-2e1fece\" data-id=\"2e1fece\" data-element_type=\"column\">\n\t\t\t<div class=\"elementor-widget-wrap elementor-element-populated\">\n\t\t\t\t\t\t<div class=\"elementor-element elementor-element-3d37529 elementor-widget elementor-widget-image\" data-id=\"3d37529\" data-element_type=\"widget\" data-widget_type=\"image.default\">\n\t\t\t\t<div class=\"elementor-widget-container\">\n\t\t\t\t\t\t\t\t\t\t\t\t\t\t\t<img fetchpriority=\"high\" decoding=\"async\" width=\"800\" height=\"800\" src=\"https:\/\/elcubodebaco.es\/wp-content\/uploads\/2023\/12\/cavas.webp\" class=\"attachment-large size-large wp-image-3060\" alt=\"\" srcset=\"https:\/\/elcubodebaco.es\/wp-content\/uploads\/2023\/12\/cavas.webp 800w, https:\/\/elcubodebaco.es\/wp-content\/uploads\/2023\/12\/cavas-300x300.webp 300w, https:\/\/elcubodebaco.es\/wp-content\/uploads\/2023\/12\/cavas-150x150.webp 150w, https:\/\/elcubodebaco.es\/wp-content\/uploads\/2023\/12\/cavas-768x768.webp 768w, https:\/\/elcubodebaco.es\/wp-content\/uploads\/2023\/12\/cavas-12x12.webp 12w, https:\/\/elcubodebaco.es\/wp-content\/uploads\/2023\/12\/cavas-600x600.webp 600w, https:\/\/elcubodebaco.es\/wp-content\/uploads\/2023\/12\/cavas-100x100.webp 100w\" sizes=\"(max-width: 800px) 100vw, 800px\" title=\"\">\t\t\t\t\t\t\t\t\t\t\t\t\t\t\t<\/div>\n\t\t\t\t<\/div>\n\t\t\t\t\t<\/div>\n\t\t<\/div>\n\t\t\t\t\t<\/div>\n\t\t<\/section>\n\t\t\t\t<section class=\"elementor-section elementor-top-section elementor-element elementor-element-94a807a elementor-hidden-desktop elementor-section-boxed elementor-section-height-default elementor-section-height-default\" data-id=\"94a807a\" data-element_type=\"section\" data-settings=\"{&quot;background_background&quot;:&quot;classic&quot;}\">\n\t\t\t\t\t\t<div class=\"elementor-container elementor-column-gap-default\">\n\t\t\t\t\t<div class=\"elementor-column elementor-col-100 elementor-top-column elementor-element elementor-element-0d7fc43\" data-id=\"0d7fc43\" data-element_type=\"column\">\n\t\t\t<div class=\"elementor-widget-wrap elementor-element-populated\">\n\t\t\t\t\t\t<div class=\"elementor-element elementor-element-114a0e3 elementor-widget elementor-widget-heading\" data-id=\"114a0e3\" data-element_type=\"widget\" data-widget_type=\"heading.default\">\n\t\t\t\t<div class=\"elementor-widget-container\">\n\t\t\t\t\t<h2 class=\"elementor-heading-title elementor-size-default\">Cata de Cavas<\/h2>\t\t\t\t<\/div>\n\t\t\t\t<\/div>\n\t\t\t\t<div class=\"elementor-element elementor-element-e60207a elementor-widget elementor-widget-video\" data-id=\"e60207a\" data-element_type=\"widget\" data-settings=\"{&quot;video_type&quot;:&quot;hosted&quot;,&quot;autoplay&quot;:&quot;yes&quot;,&quot;play_on_mobile&quot;:&quot;yes&quot;,&quot;loop&quot;:&quot;yes&quot;}\" data-widget_type=\"video.default\">\n\t\t\t\t<div class=\"elementor-widget-container\">\n\t\t\t\t\t\t\t<div class=\"e-hosted-video elementor-wrapper elementor-open-inline\">\n\t\t\t\t\t<video class=\"elementor-video\" src=\"https:\/\/elcubodebaco.es\/wp-content\/uploads\/2023\/12\/brut-cava.mp4\" autoplay=\"\" loop=\"\" playsinline=\"\" controlslist=\"nodownload\"><\/video>\n\t\t\t\t<\/div>\n\t\t\t\t\t\t<\/div>\n\t\t\t\t<\/div>\n\t\t\t\t<section class=\"elementor-section elementor-inner-section elementor-element elementor-element-b3165f5 elementor-section-boxed elementor-section-height-default elementor-section-height-default\" data-id=\"b3165f5\" data-element_type=\"section\">\n\t\t\t\t\t\t<div class=\"elementor-container elementor-column-gap-default\">\n\t\t\t\t\t<div class=\"elementor-column elementor-col-50 elementor-inner-column elementor-element elementor-element-83dab10\" data-id=\"83dab10\" data-element_type=\"column\">\n\t\t\t<div class=\"elementor-widget-wrap elementor-element-populated\">\n\t\t\t\t\t\t<div class=\"elementor-element elementor-element-14cad4e elementor-widget elementor-widget-text-editor\" data-id=\"14cad4e\" data-element_type=\"widget\" data-widget_type=\"text-editor.default\">\n\t\t\t\t<div class=\"elementor-widget-container\">\n\t\t\t\t\t\t\t\t\t<p>El pr\u00f3ximo <strong>mi\u00e9rcoles 13 de diciembre<\/strong>, tendr\u00e1s la oportunidad de brindar y disfrutar de la cata de cavas que vamos a tener <strong>a partir de las 20:00 hrs.<\/strong><\/p><p><strong>El coste de esta cata es de 15\u20ac por persona.<\/strong><\/p><p>Cavas Vega Medien Brut Nature, Vega Medien Rosado y Marevia Reserva.<\/p><p>Adem\u00e1s habr\u00e1 deliciosas viandas para acompa\u00f1ar cada brindis.<\/p><h3 style=\"text-align: center;\">\u00a1Ap\u00fantate, las plazas son limitadas!<\/h3>\t\t\t\t\t\t\t\t<\/div>\n\t\t\t\t<\/div>\n\t\t\t\t\t<\/div>\n\t\t<\/div>\n\t\t\t\t<div class=\"elementor-column elementor-col-50 elementor-inner-column elementor-element elementor-element-0d9dd65\" data-id=\"0d9dd65\" data-element_type=\"column\">\n\t\t\t<div class=\"elementor-widget-wrap elementor-element-populated\">\n\t\t\t\t\t\t<div class=\"elementor-element elementor-element-0160798 fluent-form-widget-step-header-yes fluent-form-widget-step-progressbar-yes fluentform-widget-submit-button-custom elementor-widget elementor-widget-fluent-form-widget\" data-id=\"0160798\" data-element_type=\"widget\" data-widget_type=\"fluent-form-widget.default\">\n\t\t\t\t<div class=\"elementor-widget-container\">\n\t\t\t\t\t\n            <div class=\"fluentform-widget-wrapper hide-placeholder fluentform-widget-align-default\">\n\n            \n                        <\/div>\n\n            \t\t\t\t<\/div>\n\t\t\t\t<\/div>\n\t\t\t\t\t<\/div>\n\t\t<\/div>\n\t\t\t\t\t<\/div>\n\t\t<\/section>\n\t\t\t\t<div class=\"elementor-element elementor-element-54d99d9 elementor-widget elementor-widget-image\" data-id=\"54d99d9\" data-element_type=\"widget\" data-widget_type=\"image.default\">\n\t\t\t\t<div class=\"elementor-widget-container\">\n\t\t\t\t\t\t\t\t\t\t\t\t\t\t\t<img fetchpriority=\"high\" decoding=\"async\" width=\"800\" height=\"800\" src=\"https:\/\/elcubodebaco.es\/wp-content\/uploads\/2023\/12\/cavas.webp\" class=\"attachment-large size-large wp-image-3060\" alt=\"\" srcset=\"https:\/\/elcubodebaco.es\/wp-content\/uploads\/2023\/12\/cavas.webp 800w, https:\/\/elcubodebaco.es\/wp-content\/uploads\/2023\/12\/cavas-300x300.webp 300w, https:\/\/elcubodebaco.es\/wp-content\/uploads\/2023\/12\/cavas-150x150.webp 150w, https:\/\/elcubodebaco.es\/wp-content\/uploads\/2023\/12\/cavas-768x768.webp 768w, https:\/\/elcubodebaco.es\/wp-content\/uploads\/2023\/12\/cavas-12x12.webp 12w, https:\/\/elcubodebaco.es\/wp-content\/uploads\/2023\/12\/cavas-600x600.webp 600w, https:\/\/elcubodebaco.es\/wp-content\/uploads\/2023\/12\/cavas-100x100.webp 100w\" sizes=\"(max-width: 800px) 100vw, 800px\" title=\"\">\t\t\t\t\t\t\t\t\t\t\t\t\t\t\t<\/div>\n\t\t\t\t<\/div>\n\t\t\t\t\t<\/div>\n\t\t<\/div>\n\t\t\t\t\t<\/div>\n\t\t<\/section>\n\t\t\t\t<\/div>","protected":false},"excerpt":{"rendered":"<p>Cata de Cavas El pr\u00f3ximo mi\u00e9rcoles 13 de diciembre, tendr\u00e1s la oportunidad de brindar y disfrutar de la cata de cavas que vamos a tener a partir de las 20:00 hrs. El coste de esta cata es de 15\u20ac por persona. Cavas Vega Medien Brut Nature, Vega Medien Rosado y Marevia Reserva. Adem\u00e1s habr\u00e1 deliciosas&#8230;<\/p>","protected":false},"author":1,"featured_media":0,"parent":0,"menu_order":0,"comment_status":"closed","ping_status":"closed","template":"","meta":{"rank_math_lock_modified_date":false,"_mi_skip_tracking":false,"_monsterinsights_sitenote_active":false,"_monsterinsights_sitenote_note":"","_monsterinsights_sitenote_category":0,"footnotes":""},"class_list":["post-3050","page","type-page","status-publish","hentry"],"_links":{"self":[{"href":"https:\/\/elcubodebaco.es\/en\/wp-json\/wp\/v2\/pages\/3050","targetHints":{"allow":["GET"]}}],"collection":[{"href":"https:\/\/elcubodebaco.es\/en\/wp-json\/wp\/v2\/pages"}],"about":[{"href":"https:\/\/elcubodebaco.es\/en\/wp-json\/wp\/v2\/types\/page"}],"author":[{"embeddable":true,"href":"https:\/\/elcubodebaco.es\/en\/wp-json\/wp\/v2\/users\/1"}],"replies":[{"embeddable":true,"href":"https:\/\/elcubodebaco.es\/en\/wp-json\/wp\/v2\/comments?post=3050"}],"version-history":[{"count":7,"href":"https:\/\/elcubodebaco.es\/en\/wp-json\/wp\/v2\/pages\/3050\/revisions"}],"predecessor-version":[{"id":3067,"href":"https:\/\/elcubodebaco.es\/en\/wp-json\/wp\/v2\/pages\/3050\/revisions\/3067"}],"wp:attachment":[{"href":"https:\/\/elcubodebaco.es\/en\/wp-json\/wp\/v2\/media?parent=3050"}],"curies":[{"name":"wp","href":"https:\/\/api.w.org\/{rel}","templated":true}]}}