{"id":321,"date":"2023-07-06T02:51:10","date_gmt":"2023-07-06T02:51:10","guid":{"rendered":"https:\/\/elcubodebaco.es\/?page_id=321"},"modified":"2023-07-08T00:20:47","modified_gmt":"2023-07-08T00:20:47","slug":"cata-y-maridaje","status":"publish","type":"page","link":"https:\/\/elcubodebaco.es\/en\/cata-y-maridaje\/","title":{"rendered":"tasting and pairing"},"content":{"rendered":"<div data-elementor-type=\"wp-page\" data-elementor-id=\"321\" class=\"elementor elementor-321\" data-elementor-post-type=\"page\">\n\t\t\t\t\t\t<section class=\"elementor-section elementor-top-section elementor-element elementor-element-43f70163 elementor-section-full_width elementor-section-height-min-height elementor-section-height-default elementor-section-items-middle\" data-id=\"43f70163\" data-element_type=\"section\" data-settings=\"{&quot;background_background&quot;:&quot;classic&quot;}\">\n\t\t\t\t\t\t<div class=\"elementor-container elementor-column-gap-default\">\n\t\t\t\t\t<div class=\"elementor-column elementor-col-50 elementor-top-column elementor-element elementor-element-5f4d4bb1\" data-id=\"5f4d4bb1\" data-element_type=\"column\">\n\t\t\t<div class=\"elementor-widget-wrap elementor-element-populated\">\n\t\t\t\t\t\t<div class=\"elementor-element elementor-element-37e0a85c elementor-widget elementor-widget-image\" data-id=\"37e0a85c\" data-element_type=\"widget\" data-widget_type=\"image.default\">\n\t\t\t\t<div class=\"elementor-widget-container\">\n\t\t\t\t\t\t\t\t\t\t\t\t\t\t\t<img decoding=\"async\" width=\"300\" height=\"143\" src=\"https:\/\/elcubodebaco.es\/wp-content\/uploads\/2023\/06\/logo_hztl-300x143.webp\" class=\"attachment-medium size-medium wp-image-23\" alt=\"logo the baco cube\" srcset=\"https:\/\/elcubodebaco.es\/wp-content\/uploads\/2023\/06\/logo_hztl-300x143.webp 300w, https:\/\/elcubodebaco.es\/wp-content\/uploads\/2023\/06\/logo_hztl-600x286.webp 600w, https:\/\/elcubodebaco.es\/wp-content\/uploads\/2023\/06\/logo_hztl-1024x489.webp 1024w, https:\/\/elcubodebaco.es\/wp-content\/uploads\/2023\/06\/logo_hztl-768x367.webp 768w, https:\/\/elcubodebaco.es\/wp-content\/uploads\/2023\/06\/logo_hztl-370x177.webp 370w, https:\/\/elcubodebaco.es\/wp-content\/uploads\/2023\/06\/logo_hztl-760x363.webp 760w, https:\/\/elcubodebaco.es\/wp-content\/uploads\/2023\/06\/logo_hztl.webp 1196w\" sizes=\"(max-width: 300px) 100vw, 300px\" title=\"\">\t\t\t\t\t\t\t\t\t\t\t\t\t\t\t<\/div>\n\t\t\t\t<\/div>\n\t\t\t\t<div class=\"elementor-element elementor-element-50d4a7c0 elementor-widget elementor-widget-image\" data-id=\"50d4a7c0\" data-element_type=\"widget\" data-widget_type=\"image.default\">\n\t\t\t\t<div class=\"elementor-widget-container\">\n\t\t\t\t\t\t\t\t\t\t\t\t\t\t\t<img fetchpriority=\"high\" decoding=\"async\" width=\"649\" height=\"800\" src=\"https:\/\/elcubodebaco.es\/wp-content\/uploads\/2023\/07\/Cata-maridaje.webp\" class=\"attachment-large size-large wp-image-291\" alt=\"\" srcset=\"https:\/\/elcubodebaco.es\/wp-content\/uploads\/2023\/07\/Cata-maridaje.webp 649w, https:\/\/elcubodebaco.es\/wp-content\/uploads\/2023\/07\/Cata-maridaje-600x740.webp 600w, https:\/\/elcubodebaco.es\/wp-content\/uploads\/2023\/07\/Cata-maridaje-243x300.webp 243w\" sizes=\"(max-width: 649px) 100vw, 649px\" title=\"\">\t\t\t\t\t\t\t\t\t\t\t\t\t\t\t<\/div>\n\t\t\t\t<\/div>\n\t\t\t\t\t<\/div>\n\t\t<\/div>\n\t\t\t\t<div class=\"elementor-column elementor-col-50 elementor-top-column elementor-element elementor-element-32483d3f\" data-id=\"32483d3f\" data-element_type=\"column\">\n\t\t\t<div class=\"elementor-widget-wrap elementor-element-populated\">\n\t\t\t\t\t\t<div class=\"elementor-element elementor-element-4111d49c elementor-widget elementor-widget-heading\" data-id=\"4111d49c\" data-element_type=\"widget\" data-widget_type=\"heading.default\">\n\t\t\t\t<div class=\"elementor-widget-container\">\n\t\t\t\t\t<h2 class=\"elementor-heading-title elementor-size-default\">TASTING AND PAIRING<\/h2>\t\t\t\t<\/div>\n\t\t\t\t<\/div>\n\t\t\t\t<div class=\"elementor-element elementor-element-4fc73775 elementor-widget elementor-widget-text-editor\" data-id=\"4fc73775\" data-element_type=\"widget\" data-widget_type=\"text-editor.default\">\n\t\t\t\t<div class=\"elementor-widget-container\">\n\t\t\t\t\t\t\t\t\t<p><span class=\"WdYUQQ text-decoration-none text-strikethrough-none\" style=\"color: #ffffff;\">Join us for an unforgettable wine tasting.<\/span><\/p><p><span style=\"color: #ffffff;\"><span class=\"WdYUQQ text-decoration-none text-strikethrough-none\">Discover the secrets behind each glass, learn to appreciate the subtleties of each variety.<\/span>.<\/span><\/p><p><span class=\"x193iq5w xeuugli x13faqbe x1vvkbs xlh3980 xvmahel x1n0sxbx x1lliihq x1s928wv xhkezso x1gmr53x x1cpjm7i x1fgarty x1943h6x xudqn12 x3x7a5m x6prxxf xvq8zen xo1l8bm xzsf02u x1yc453h\" dir=\"auto\" style=\"color: #ffffff;\">On the 15th of July 2023 we say goodbye to the season and embrace the summer with a Tasting from 13:00 to 17:00.<\/span><\/p><p><span class=\"x193iq5w xeuugli x13faqbe x1vvkbs xlh3980 xvmahel x1n0sxbx x1lliihq x1s928wv xhkezso x1gmr53x x1cpjm7i x1fgarty x1943h6x xudqn12 x3x7a5m x6prxxf xvq8zen xo1l8bm xzsf02u x1yc453h\" dir=\"auto\" style=\"color: #ffffff;\"> We will taste three great red wines such as La Sorda, El Mulo and Lo Tros.<\/span><\/p><p><span style=\"color: #ffffff;\">And of course, accompanied by a menu that pairs perfectly with these three great wines.<\/span><\/p><p><span class=\"x193iq5w xeuugli x13faqbe x1vvkbs xlh3980 xvmahel x1n0sxbx x1lliihq x1s928wv xhkezso x1gmr53x x1cpjm7i x1fgarty x1943h6x xudqn12 x3x7a5m x6prxxf xvq8zen xo1l8bm xzsf02u x1yc453h\" dir=\"auto\" style=\"color: #ffffff;\">The capacity for this type of event is limited for the convenience of everyone.<\/span><\/p><h3 class=\"_04xlpA direction-ltr align-start para-style-body\"><span class=\"WdYUQQ text-decoration-none text-strikethrough-none\" style=\"color: #ffffff;\">how to book?<\/span><\/h3><p><span style=\"color: #ffffff;\">The cost per person is 30 euros. Make a bank transfer to Onmove Soluciones, account number ES8400810145070002022506<\/span><\/p><p class=\"_04xlpA direction-ltr align-start para-style-body\"><span style=\"color: #ffffff;\"><span class=\"WdYUQQ text-decoration-none text-strikethrough-none\">Send the transfer receipt to <\/span><a style=\"color: #ffffff;\" href=\"mailto:hola@elcubodebaco.es\"><strong><span class=\"WdYUQQ text-decoration-none text-strikethrough-none\">hola@elcubodebaco.es<\/span><\/strong><\/a><span class=\"WdYUQQ text-decoration-none text-strikethrough-none\">indicating name and number of diners.<br \/><\/span><\/span><\/p><p><span style=\"color: #ffffff;\">You can also send it by filling in the form:<\/span><\/p>\t\t\t\t\t\t\t\t<\/div>\n\t\t\t\t<\/div>\n\t\t\t\t<div class=\"elementor-element elementor-element-77a39de7 elementor-button-align-start elementor-widget elementor-widget-form\" data-id=\"77a39de7\" data-element_type=\"widget\" data-settings=\"{&quot;button_width&quot;:&quot;20&quot;,&quot;step_next_label&quot;:&quot;Next&quot;,&quot;step_previous_label&quot;:&quot;Previous&quot;,&quot;step_type&quot;:&quot;number_text&quot;,&quot;step_icon_shape&quot;:&quot;circle&quot;}\" data-widget_type=\"form.default\">\n\t\t\t\t<div class=\"elementor-widget-container\">\n\t\t\t\t\t\t\t<form class=\"elementor-form\" method=\"post\" id=\"elementor_post_321_form_new-form\" name=\"New Form\" action=\"\">\n\t\t\t<input type=\"hidden\" name=\"post_id\" value=\"321\"\/>\n\t\t\t<input type=\"hidden\" name=\"form_id\" value=\"77a39de7\"\/>\n\t\t\t<input type=\"hidden\" name=\"referer_title\" value=\"\" \/>\n\n\t\t\t\n\t\t\t<div class=\"elementor-form-fields-wrapper elementor-labels-above\">\n\t\t\t\t\t\t\t\t<div class=\"elementor-field-type-text elementor-field-group elementor-column elementor-field-group-name elementor-col-50 elementor-field-required elementor-mark-required\">\n\t\t\t\t\t\t\t\t\t\t\t\t<label for=\"form-field-name\" class=\"elementor-field-label\">\n\t\t\t\t\t\t\t\tName\t\t\t\t\t\t\t<\/label>\n\t\t\t\t\t\t\t\t\t\t\t\t\t\t<input size=\"1\" type=\"text\" name=\"form_fields[name]\" id=\"form-field-name\" class=\"elementor-field elementor-size-sm  elementor-field-textual\" placeholder=\"Name\" required=\"required\" aria-required=\"true\">\n\t\t\t\t\t\t\t\t\t\t\t<\/div>\n\t\t\t\t\t\t\t\t<div class=\"elementor-field-type-text elementor-field-group elementor-column elementor-field-group-email elementor-col-50 elementor-field-required elementor-mark-required\">\n\t\t\t\t\t\t\t\t\t\t\t\t<label for=\"form-field-email\" class=\"elementor-field-label\">\n\t\t\t\t\t\t\t\tNo. of diners\t\t\t\t\t\t\t<\/label>\n\t\t\t\t\t\t\t\t\t\t\t\t\t\t<input size=\"1\" type=\"text\" name=\"form_fields[email]\" id=\"form-field-email\" class=\"elementor-field elementor-size-sm  elementor-field-textual\" placeholder=\"Diners\" required=\"required\" aria-required=\"true\">\n\t\t\t\t\t\t\t\t\t\t\t<\/div>\n\t\t\t\t\t\t\t\t<div class=\"elementor-field-type-upload elementor-field-group elementor-column elementor-field-group-field_edab10f elementor-col-100 elementor-field-required elementor-mark-required\">\n\t\t\t\t\t\t\t\t\t\t\t\t<label for=\"form-field-field_edab10f\" class=\"elementor-field-label\">\n\t\t\t\t\t\t\t\tProof of transfer\t\t\t\t\t\t\t<\/label>\n\t\t\t\t\t\t\t\t<input type=\"file\" name=\"form_fields[field_edab10f]\" id=\"form-field-field_edab10f\" class=\"elementor-field elementor-size-sm  elementor-upload-field\" required=\"required\" aria-required=\"true\">\n\n\t\t\t\t\t\t<\/div>\n\t\t\t\t\t\t\t\t<div class=\"elementor-field-group elementor-column elementor-field-type-submit elementor-col-20 e-form__buttons\">\n\t\t\t\t\t<button class=\"elementor-button elementor-size-sm\" type=\"submit\">\n\t\t\t\t\t\t<span class=\"elementor-button-content-wrapper\">\n\t\t\t\t\t\t\t\t\t\t\t\t\t\t\t\t\t\t\t\t\t\t<span class=\"elementor-button-text\">Send<\/span>\n\t\t\t\t\t\t\t\t\t\t\t\t\t<\/span>\n\t\t\t\t\t<\/button>\n\t\t\t\t<\/div>\n\t\t\t<\/div>\n\t\t<input type=\"hidden\" name=\"trp-form-language\" value=\"en\"\/><\/form>\n\t\t\t\t\t\t<\/div>\n\t\t\t\t<\/div>\n\t\t\t\t\t<\/div>\n\t\t<\/div>\n\t\t\t\t\t<\/div>\n\t\t<\/section>\n\t\t\t\t<section class=\"elementor-section elementor-top-section elementor-element elementor-element-4e067a1 elementor-section-boxed elementor-section-height-default elementor-section-height-default\" data-id=\"4e067a1\" data-element_type=\"section\">\n\t\t\t\t\t\t<div class=\"elementor-container elementor-column-gap-default\">\n\t\t\t\t\t<div class=\"elementor-column elementor-col-100 elementor-top-column elementor-element elementor-element-f278d41\" data-id=\"f278d41\" data-element_type=\"column\">\n\t\t\t<div class=\"elementor-widget-wrap elementor-element-populated\">\n\t\t\t\t\t\t<div class=\"elementor-element elementor-element-db958f1 elementor-view-stacked elementor-position-left elementor-shape-circle elementor-mobile-position-top elementor-vertical-align-top elementor-widget elementor-widget-icon-box\" data-id=\"db958f1\" data-element_type=\"widget\" data-widget_type=\"icon-box.default\">\n\t\t\t\t<div class=\"elementor-widget-container\">\n\t\t\t\t\t\t\t<div class=\"elementor-icon-box-wrapper\">\n\n\t\t\t\t\t\t<div class=\"elementor-icon-box-icon\">\n\t\t\t\t<a href=\"tel: 34652498762\" class=\"elementor-icon\" tabindex=\"-1\" aria-label=\"Telephone for reservations : 652 49 87 62\">\n\t\t\t\t<i aria-hidden=\"true\" class=\"fas fa-phone-volume\"><\/i>\t\t\t\t<\/a>\n\t\t\t<\/div>\n\t\t\t\n\t\t\t\t\t\t<div class=\"elementor-icon-box-content\">\n\n\t\t\t\t\t\t\t\t\t<h3 class=\"elementor-icon-box-title\">\n\t\t\t\t\t\t<a href=\"tel: 34652498762\" >\n\t\t\t\t\t\t\tTelephone for reservations : 652 49 87 62\t\t\t\t\t\t<\/a>\n\t\t\t\t\t<\/h3>\n\t\t\t\t\n\t\t\t\t\t\t\t\t\t<p class=\"elementor-icon-box-description\">\n\t\t\t\t\t\tfrom Tuesday to Saturday from 19:00 to 23:00\t\t\t\t\t<\/p>\n\t\t\t\t\n\t\t\t<\/div>\n\t\t\t\n\t\t<\/div>\n\t\t\t\t\t\t<\/div>\n\t\t\t\t<\/div>\n\t\t\t\t\t<\/div>\n\t\t<\/div>\n\t\t\t\t\t<\/div>\n\t\t<\/section>\n\t\t\t\t<\/div>","protected":false},"excerpt":{"rendered":"<p>CATA Y MARIDAJE \u00danete a nosotros en una inolvidable cata de vinos. Descubre los secretos detr\u00e1s de cada copa, aprende a apreciar las sutilezas de cada variedad. El pr\u00f3ximo d\u00eda 15 de Julio de 2023 nos despedimos de la temporada y abrazamos el verano con una Cata desde las 13:00 horas hasta las 17:00. Degustaremos&#8230;<\/p>","protected":false},"author":1,"featured_media":0,"parent":0,"menu_order":0,"comment_status":"closed","ping_status":"closed","template":"elementor_canvas","meta":{"rank_math_lock_modified_date":false,"_mi_skip_tracking":false,"_monsterinsights_sitenote_active":false,"_monsterinsights_sitenote_note":"","_monsterinsights_sitenote_category":0,"footnotes":""},"class_list":["post-321","page","type-page","status-publish","hentry"],"_links":{"self":[{"href":"https:\/\/elcubodebaco.es\/en\/wp-json\/wp\/v2\/pages\/321","targetHints":{"allow":["GET"]}}],"collection":[{"href":"https:\/\/elcubodebaco.es\/en\/wp-json\/wp\/v2\/pages"}],"about":[{"href":"https:\/\/elcubodebaco.es\/en\/wp-json\/wp\/v2\/types\/page"}],"author":[{"embeddable":true,"href":"https:\/\/elcubodebaco.es\/en\/wp-json\/wp\/v2\/users\/1"}],"replies":[{"embeddable":true,"href":"https:\/\/elcubodebaco.es\/en\/wp-json\/wp\/v2\/comments?post=321"}],"version-history":[{"count":13,"href":"https:\/\/elcubodebaco.es\/en\/wp-json\/wp\/v2\/pages\/321\/revisions"}],"predecessor-version":[{"id":465,"href":"https:\/\/elcubodebaco.es\/en\/wp-json\/wp\/v2\/pages\/321\/revisions\/465"}],"wp:attachment":[{"href":"https:\/\/elcubodebaco.es\/en\/wp-json\/wp\/v2\/media?parent=321"}],"curies":[{"name":"wp","href":"https:\/\/api.w.org\/{rel}","templated":true}]}}